{"id":552,"date":"2022-04-25T21:58:26","date_gmt":"2022-04-25T21:58:26","guid":{"rendered":"https:\/\/eagleandthecondor.com\/?page_id=552"},"modified":"2023-01-16T23:15:04","modified_gmt":"2023-01-16T23:15:04","slug":"creation-of-the-council-of-the-eagle-and-the-condor-private","status":"publish","type":"page","link":"https:\/\/eagleandthecondor.com\/es\/creation-of-the-council-of-the-eagle-and-the-condor-private\/","title":{"rendered":"Creaci\u00f3n del Consejo del \u00c1guila y el C\u00f3ndor (PRIVADO)"},"content":{"rendered":"<p>[et_pb_section fb_built=\u201d1\u2033 _builder_version=\u201d4.7.7\u2033 _module_preset=\u201ddefault\u201d][et_pb_row _builder_version=\u201d4.7.7\u2033 _module_preset=\u201ddefault\u201d][et_pb_column type=\u201d4_4\u2033 _builder_version=\u201d4.7.7\u2033 _module_preset =\u201dpredeterminado\u201d][et_pb_text _builder_version=\u201d4.7.7\u2033 _module_preset=\u201dpredeterminado\u201d]<\/p>\n<h2 style=\"text-align: center;\"><strong>Informe sobre la Creaci\u00f3n del Consejo del \u00c1guila y el C\u00f3ndor<br \/> <\/strong><strong>Responsable: Mindahi Bastida<\/strong><\/h2>\n<p>&nbsp;<\/p>\n<p>[\/et_pb_text][\/et_pb_column][\/et_pb_row][et_pb_row _builder_version=\u201d4.7.7\u2033 _module_preset=\u201ddefault\u201d][et_pb_column type=\u201d4_4\u2033 _builder_version=\u201d4.7.7\u2033 _module_preset=\u201ddefault\u201d][et_pb_text admin_label =\u201dTexto\u201d _builder_version=\u201d4.7.7\u2033 _module_preset=\u201ddefault\u201d min_height=\u201d1699.4px\u201d]<\/p>\n<p><img loading=\"lazy\" src=\"https:\/\/eagleandthecondor.com\/wp-content\/uploads\/2022\/04\/EAC_Eagle_side-286x300.png\" width=\"286\" height=\"300\" alt=\"\" class=\"wp-image-527 alignright size-medium\" \/>Hermanos y hermanas mayores, autoridades espirituales de las naciones originarias de Abya Yala, el continente americano, se reunieron en la Pen\u00ednsula de Yucat\u00e1n, M\u00e9xico del 28 de abril al 9 de mayo de 2021 para conformar el Gran Consejo del \u00c1guila y el C\u00f3ndor. Su creaci\u00f3n materializa el primero de cuatro Mandatos de la Tierra que fueron entregados a los Mamos de la Sierra Nevada de Santa Marta, Colombia, en mayo de 2013.<\/p>\n<p>Este encuentro de los Mayores fue posible gracias a mucha preparaci\u00f3n espiritual y tambi\u00e9n gracias al apoyo financiero y log\u00edstico de organizaciones que se unieron incondicionalmente en respuesta a la Madre Tierra. Las organizaciones son Grounded, The Fountain for the Natural Order of Our Existence, Earth Timekeepers, International Council on Environmental Economics and Developments (ICEED) y Corporaci\u00f3n Nueva Humanidad.<\/p>\n<p>La mayor\u00eda de los encuentros y ceremonias se llevaron a cabo en el Centro Ceremonial Humanidad Nueva en Chichimil\u00e1, muy cerca de Valladolid, en el estado de Yucat\u00e1n.<\/p>\n<p>Se realizaron ceremonias de fuego sagrado y mesas de di\u00e1logo para tomar decisiones, despejar el camino y conversar sobre el trabajo a desarrollar, respetando el consenso y participaci\u00f3n de todos los asistentes presenciales (ver Anexo para la agenda de visitas a lugares sagrados y trabajo realizado).<\/p>\n<p><strong>el gran consejo<\/strong><br \/>El Gran Consejo ha surgido en respuesta a uno de los Cuatro Mandatos de la Madre Tierra recibido en mayo de 2013 en la Sierra Nevada de Santa Marta, Colombia. Los Cuatro Mandatos de la Tierra son:<\/p>\n<p>1) Crear un Gran Consejo (Consejo de los 52)<\/p>\n<p>2) Proteger los Sitios Sagrados Bioculturales. Reactivar los sitios sagrados de valor biocultural es un primer paso en la demarcaci\u00f3n de territorios con valor biocultural.<\/p>\n<p>3) Crear Casas de Pensamiento Original. Construir casas de pensamiento original en los lugares de origen de los integrantes del Gran Consejo para la revitalizaci\u00f3n de los saberes y pr\u00e1cticas del &#039;Vivir Bien&#039;.<\/p>\n<p>4) Promover el Intercambio Intercultural. Abrir espacios de di\u00e1logo donde nuestras filosof\u00edas y cosmovisiones sean reconocidas y respetadas y donde se construyan iniciativas concretas de acuerdo con los instrumentos legales existentes, como el Convenio 169 de la OIT y la Declaraci\u00f3n de las Naciones Unidas sobre los Derechos de los Pueblos Ind\u00edgenas.<\/p>\n<p>La conformaci\u00f3n del Gran Consejo es fundamental para ayudar a la humanidad a regresar a la vida en armon\u00eda con la Madre Tierra, y tambi\u00e9n para que las comunidades y familias se comprometan a vivir de acuerdo a las instrucciones originales de la sabidur\u00eda ancestral.<\/p>\n<p>Es una autoridad espiritual y gu\u00eda de las Naciones Originarias, y como tal debe ser reconocida. Su mensaje debe ser escuchado en todo el mundo.<\/p>\n<p>El Consejo ser\u00e1 reconocido por los Pueblos Originarios y sus instituciones, y responder\u00e1 a sus necesidades y las de la Madre Tierra.<\/p>\n<p>Adem\u00e1s, el Consejo ser\u00e1 reconocido por las instituciones de los estados nacionales como entidad o sujeto de derecho.<\/p>\n<p><strong>Este Consejo est\u00e1 compuesto por tres c\u00edrculos conc\u00e9ntricos:<\/strong><\/p>\n<p>El primero est\u00e1 compuesto por 7 representantes de todas las regiones del continente Abya-Yala (Isla Tortuga o Am\u00e9rica). El segundo incluir\u00e1 a los 7 y traer\u00e1 6 miembros de biorregiones de los otros continentes para completar 13; se consolidar\u00e1 el pr\u00f3ximo a\u00f1o 2022. Cada miembro de los 13 elegir\u00e1 luego a tres m\u00e1s de su regi\u00f3n para completar 52 miembros en 2025. En su conjunto, el Gran Consejo estar\u00e1 representado por las biorregiones de las naciones nativas ancestrales de todo el mundo.<\/p>\n<p>El primer C\u00edrculo se llama el Consejo del \u00c1guila y el C\u00f3ndor - Consejo de los Siete. Se form\u00f3 en mayo de 2021 en el Centro Ceremonial de Chichimil\u00e1, Yucat\u00e1n, M\u00e9xico por: Tata Wanka Inti (Per\u00fa), Lawentuchefe Francisca Calfin (Chile), Tata Crist\u00f3bal Cojti (Guatemala), Tata Mindahi Bastida, Jefe Ninawa Huni Kui (Brasil) , Tata Mike Abisoontse Giisis (Canad\u00e1), Mama Vivian Camacho (Bolivia).<\/p>\n<p>Este Consejo se fortalece gracias a los Guardianes del Conocimiento (Amautas) quienes colaborar\u00e1n en diferentes equipos. Ellos son: Tata Julio y Nana Yani (M\u00e9xico), Tata Emilio Guadalupe (Yucat\u00e1n, M\u00e9xico), Tata Puma y Mama Teresa (Ecuador), Tata Marcelo (Bolivia), Tata Armando (M\u00e9xico), Tata Jorge (Nuevo M\u00e9xico), Mama Emma (Argentina), Diana Uqualla (Estados Unidos).<\/p>\n<p>Mamo Manuel y su hijo Narciso del sagrado Pueblo Kogui de Colombia nos acompa\u00f1aron guiados por la sabidur\u00eda y claridad sobre la importancia del nacimiento del Gran Consejo.<\/p>\n<p><strong>Compromisos del Consejo:<\/strong><\/p>\n<p>Entre las principales funciones del Consejo est\u00e1n: preparar propuestas, declaraciones y posiciones sobre el respeto a los Derechos de la Madre Tierra para reuniones de alto nivel como la ONU, COP de Cambio Clim\u00e1tico, COP de Biodiversidad (CDB). Adem\u00e1s, trabajar\u00e1 en campa\u00f1as de promoci\u00f3n y concientizaci\u00f3n sobre los siguientes temas: Territorios Bioculturales, Primeras Naciones, Humanidad \u2013 Naturaleza y Madre Tierra interconectadas; a nivel local, regional y mundial.<\/p>\n<p>Para este a\u00f1o el Gran Consejo tiene previsto estar en la Conferencia de las Partes de la Cumbre Mundial del Clima (COP26). El Consejo pretende brindar orientaci\u00f3n y recomendaciones a los tomadores de decisiones sobre biodiversidad, cambio clim\u00e1tico y otros temas que sean de sumo inter\u00e9s para garantizar la integridad de sus territorios as\u00ed como la libre determinaci\u00f3n de sus pueblos de conformidad con el Tratado 169 de la Internacional del Trabajo. Organizaci\u00f3n \u2013 OIT.<\/p>\n<h3 style=\"text-align: center;\">Anexo 1. Orden del d\u00eda<\/h3>\n<p>&nbsp;<\/p>\n<p>[\/et_pb_text][\/et_pb_column][\/et_pb_row][et_pb_row column_structure=\u201d1_3,1_3,1_3\u2033 _builder_version=\u201d4.7.7\u2033 _module_preset=\u201ddefault\u201d][et_pb_column type=\u201d1_3\u2033 _builder_version=\u201d4.7.7\u2033 _module_preset=\u201ddefault\u201d][et_pb_text _builder_version=\u201d4.7.7\u2033 _module_preset=\u201ddefault\u201d]<\/p>\n<p><strong>mi\u00e9rcoles 28 de abril<\/strong><\/p>\n<p>Llegada de los hu\u00e9spedes a Canc\u00fan, traslado al hotel Beachscape Kin Ha<br \/> Ceremonia a la orilla del mar al atardecer.<br \/> 18:30 Cena<\/p>\n<p>[\/et_pb_text][\/et_pb_column][et_pb_column type=\u201d1_3\u2033 _builder_version=\u201d4.7.7\u2033 _module_preset=\u201ddefault\u201d][et_pb_text _builder_version=\u201d4.7.7\u2033 _module_preset=\u201ddefault\u201d]<\/p>\n<p><strong>jueves 29 de abril<\/strong><\/p>\n<p>12 h Salida hacia Valladolid \u2013 (2 horas de viaje)<br \/>3pm Check-in en Quinta Regia Ecohotel<br \/>4pm \u2013 6pm Descanso<br \/>18:30 Cena buffet. Bienvenida y revisi\u00f3n de la agenda <br \/>Saludos de Nana Emma Alem\u00e1n, Nana Panchita Calfin y Tata Marcelo Zaiduni.<\/p>\n<p>[\/et_pb_text][\/et_pb_column][et_pb_column type=\u201d1_3\u2033 _builder_version=\u201d4.7.7\u2033 _module_preset=\u201ddefault\u201d][et_pb_text _builder_version=\u201d4.7.7\u2033 _module_preset=\u201ddefault\u201d]<\/p>\n<p><strong>viernes 30 de abril<\/strong><\/p>\n<p>8:30 \u2013 9:30 Desayuno en el hotel<br \/>8:00 \u2013 10:00 Prueba Covid<br \/>10:00 am Visita al Cenote San Lorenzo Oxman<br \/>14:00 Almuerzo en el Ecohotel<br \/>3:00 \u2013 5:30 Sesi\u00f3n de trabajo<br \/>18:00 Cena<\/p>\n<p>[\/et_pb_text][\/et_pb_column][\/et_pb_row][et_pb_row column_structure=\u201d1_3,1_3,1_3\u2033 _builder_version=\u201d4.7.7\u2033 _module_preset=\u201ddefault\u201d][et_pb_column type=\u201d1_3\u2033 _builder_version=\u201d4.7.7\u2033 _module_preset=\u201ddefault\u201d][et_pb_text _builder_version=\u201d4.7.7\u2033 _module_preset=\u201ddefault\u201d]<\/p>\n<p><strong>s\u00e1bado 1 de mayo<\/strong><\/p>\n<p>7:30 \u2013 8:30 Desayuno en Ecohotel<br \/>8:30 am Salida hacia Chich\u00e9n Itz\u00e1<br \/>(nos negaron la entrada)<br \/>2pm Almuerzo en Puerta Chich\u00e9n<br \/>4pm \u2013 7pm Temazcal y ceremonia en Puerta Chich\u00e9n<br \/>20:30 Cena<\/p>\n<p>[\/et_pb_text][\/et_pb_column][et_pb_column type=\u201d1_3\u2033 _builder_version=\u201d4.7.7\u2033 _module_preset=\u201ddefault\u201d][et_pb_text _builder_version=\u201d4.7.7\u2033 _module_preset=\u201ddefault\u201d]<\/p>\n<p><strong>domingo 2 de mayo<\/strong><\/p>\n<p>9:30 am Salida hacia el Centro Ceremonial de Chichimil\u00e1<br \/>10:30 Inicio del encendido del Fuego Sagrado a cargo de Tata Armando<br \/>11 am \u2013 1:30 pm Nombramiento de 7 Ancianos<br \/>14:00 Almuerzo en Chichimil\u00e1<br \/>3:30 pm \u2013 5:00 pm Promesa y Palabras de los Ancianos en el Fuego Sagrado<br \/>6pm Regreso al Ecohotel<br \/>18:30 Cena<\/p>\n<p>[\/et_pb_text][\/et_pb_column][et_pb_column type=\u201d1_3\u2033 _builder_version=\u201d4.7.7\u2033 _module_preset=\u201ddefault\u201d][et_pb_text _builder_version=\u201d4.7.7\u2033 _module_preset=\u201ddefault\u201d]<\/p>\n<p><strong>lunes 3 de mayo<br \/><\/strong><br \/>07:00 Ceremonia de bendici\u00f3n de bastones a cargo de Mamo Manuel<br \/>9am Salida hacia Cob\u00e1<br \/>11:00 \u2013 13:00 Ejercicio de conexi\u00f3n con el lugar sagrado<br \/>14:30 Almuerzo<br \/>4pm Regreso al Ecohotel<br \/>18:30 Cena<\/p>\n<p>[\/et_pb_text][\/et_pb_column][\/et_pb_row][et_pb_row column_structure=\u201d1_3,1_3,1_3\u2033 _builder_version=\u201d4.7.7\u2033 _module_preset=\u201ddefault\u201d][et_pb_column type=\u201d1_3\u2033 _builder_version=\u201d4.7.7\u2033 _module_preset=\u201ddefault\u201d][et_pb_text _builder_version=\u201d4.7.7\u2033 _module_preset=\u201ddefault\u201d]<\/p>\n<p><strong>martes 4 de mayo<\/strong><\/p>\n<p>9:30 am Salida hacia el Centro Ceremonial de Chichimil\u00e1<br \/>10:30 Entrega de ofrendas y reflexiones al Fuego Sagrado<br \/>11:00 \u2013 13:00<br \/>14:00 Almuerzo<br \/>15:00 \u2013 17:30 Discusi\u00f3n<br \/>6pm Regreso al Ecohotel<\/p>\n<p>[\/et_pb_text][\/et_pb_column][et_pb_column type=\u201d1_3\u2033 _builder_version=\u201d4.7.7\u2033 _module_preset=\u201ddefault\u201d][et_pb_text _builder_version=\u201d4.7.7\u2033 _module_preset=\u201ddefault\u201d]<\/p>\n<p><strong>mi\u00e9rcoles 5 de mayo<\/strong><\/p>\n<p>9:00 am Salida hacia la Pir\u00e1mide de Uxmal<br \/>(el acceso fue denegado)<br \/>Registro en Hotel Uxmal<br \/>15:00 Sesi\u00f3n de trabajo \u2013 An\u00e1lisis FODA<br \/>6:30 pm Cena en Hotel Uxmal<\/p>\n<p>[\/et_pb_text][\/et_pb_column][et_pb_column type=\u201d1_3\u2033 _builder_version=\u201d4.7.7\u2033 _module_preset=\u201ddefault\u201d][et_pb_text _builder_version=\u201d4.7.7\u2033 _module_preset=\u201ddefault\u201d]<\/p>\n<p><strong>jueves 6 de mayo<\/strong><\/p>\n<p>12:00 pm Ceremonia en el sitio sagrado de los antepasados en Uxmal<br \/>1pm almuerzo en Izamal<br \/>15:00 Llegada al Ecohotel<br \/>Descanso de las 3:00 p. m.<br \/>18:30 Cena. Encomienda de Mamo Manuel para el cuidado de las varas<\/p>\n<p>[\/et_pb_text][\/et_pb_column][\/et_pb_row][et_pb_row column_structure=\u201d1_3,1_3,1_3\u2033 _builder_version=\u201d4.7.7\u2033 _module_preset=\u201ddefault\u201d][et_pb_column type=\u201d1_3\u2033 _builder_version=\u201d4.7.7\u2033 _module_preset=\u201ddefault\u201d][et_pb_text _builder_version=\u201d4.7.7\u2033 _module_preset=\u201ddefault\u201d]<\/p>\n<p><strong>viernes 7 de mayo<\/strong><\/p>\n<p>9:30 am Salida hacia el Centro Ceremonial de Chichimil\u00e1<br \/>10:00 am Ofrenda al Fuego Sagrado y entrega de b\u00e1culo al Tata Crist\u00f3bal<br \/>11:00 am Acto de despedida y obsequio<br \/>14:00 Almuerzo<br \/>6pm Regreso al Ecohotel y Cena<\/p>\n<p>[\/et_pb_text][\/et_pb_column][et_pb_column type=\u201d1_3\u2033 _builder_version=\u201d4.7.7\u2033 _module_preset=\u201ddefault\u201d][et_pb_text _builder_version=\u201d4.7.7\u2033 _module_preset=\u201ddefault\u201d]<\/p>\n<p><strong>s\u00e1bado 8 de mayo<\/strong><\/p>\n<p>8:00 am Ceremonia de nombramiento de Amauta (Guardi\u00e1n del conocimiento) junto al \u00e1rbol<br \/>9:00 am Salida hacia Canc\u00fan (2 horas)<br \/>12:00 pm Arribo a Canc\u00fan, en el hotel Beachscape Kin Ha y Sesi\u00f3n de Trabajo<br \/>13:00 Almuerzo<br \/>15:00 Primera salida al aeropuerto<\/p>\n<p>[\/et_pb_text][\/et_pb_column][et_pb_column type=\u201d1_3\u2033 _builder_version=\u201d4.7.7\u2033 _module_preset=\u201ddefault\u201d][et_pb_text _builder_version=\u201d4.7.7\u2033 _module_preset=\u201ddefault\u201d]<\/p>\n<p><strong>domingo 9 de mayo<\/strong><\/p>\n<p>Salida al aeropuerto en grupo<\/p>\n<p>[\/et_pb_text][\/et_pb_column][\/et_pb_row][\/et_pb_section]<\/p>","protected":false},"excerpt":{"rendered":"<p>[et_pb_section fb_built=\u201d1\u2033 _builder_version=\u201d4.7.7\u2033 _module_preset=\u201ddefault\u201d][et_pb_row _builder_version=\u201d4.7.7\u2033 _module_preset=\u201ddefault\u201d][et_pb_column type=\u201d4_4\u2033 _builder_version=\u201d4.7.7\u2033 _module_preset =\u201ddefault\u201d][et_pb_text _builder_version=\u201d4.7.7\u2033 _module_preset=\u201ddefault\u201d] Informe sobre la Creaci\u00f3n del Consejo del \u00c1guila y el C\u00f3ndor Responsable: Mindahi Bastida [\/et_pb_text][\/et_pb_column][\/et_pb_row][ et_pb_row _builder_version=\u201d4.7.7\u2033 _module_preset=\u201ddefault\u201d][et_pb_column type=\u201d4_4\u2033 _builder_version=\u201d4.7.7\u2033 _module_preset=\u201ddefault\u201d][et_pb_text admin_label=\u201dText\u201d _builder_version=\u201d4.7.7\u2033 _module_preset= \u201ddefault\u201d min_height=\u201d1699.4px\u201d] Hermanos y hermanas mayores, autoridades espirituales de las naciones originarias de Abya Yala, el continente americano, se reunieron en [\u2026]<\/p>","protected":false},"author":1,"featured_media":0,"parent":0,"menu_order":0,"comment_status":"closed","ping_status":"closed","template":"","meta":{"_et_pb_use_builder":"on","_et_pb_old_content":"","_et_gb_content_width":""},"wf_page_folders":[],"yoast_head":"<!-- This site is optimized with the Yoast SEO plugin v20.4 - https:\/\/yoast.com\/wordpress\/plugins\/seo\/ -->\n<title>Creation of the Council of the Eagle and the Condor (PRIVATE) - The Council of the Eagle and the Condor<\/title>\n<meta name=\"robots\" content=\"index, follow, max-snippet:-1, max-image-preview:large, max-video-preview:-1\" \/>\n<link rel=\"canonical\" href=\"https:\/\/eagleandthecondor.com\/es\/creation-of-the-council-of-the-eagle-and-the-condor-private\/\" \/>\n<meta property=\"og:locale\" content=\"es_MX\" \/>\n<meta property=\"og:type\" content=\"article\" \/>\n<meta property=\"og:title\" content=\"Creation of the Council of the Eagle and the Condor (PRIVATE) - The Council of the Eagle and the Condor\" \/>\n<meta property=\"og:description\" content=\"[et_pb_section fb_built=&#8221;1&#8243; _builder_version=&#8221;4.7.7&#8243; _module_preset=&#8221;default&#8221;][et_pb_row _builder_version=&#8221;4.7.7&#8243; _module_preset=&#8221;default&#8221;][et_pb_column type=&#8221;4_4&#8243; _builder_version=&#8221;4.7.7&#8243; _module_preset=&#8221;default&#8221;][et_pb_text _builder_version=&#8221;4.7.7&#8243; _module_preset=&#8221;default&#8221;] Report on the Creation of the Council of the Eagle and the Condor Responsible: Mindahi Bastida &nbsp; [\/et_pb_text][\/et_pb_column][\/et_pb_row][et_pb_row _builder_version=&#8221;4.7.7&#8243; _module_preset=&#8221;default&#8221;][et_pb_column type=&#8221;4_4&#8243; _builder_version=&#8221;4.7.7&#8243; _module_preset=&#8221;default&#8221;][et_pb_text admin_label=&#8221;Text&#8221; _builder_version=&#8221;4.7.7&#8243; _module_preset=&#8221;default&#8221; min_height=&#8221;1699.4px&#8221;] Elder brothers and sisters, spiritual authorities from original nations of Abya Yala, the American continent, gathered in [&hellip;]\" \/>\n<meta property=\"og:url\" content=\"https:\/\/eagleandthecondor.com\/es\/creation-of-the-council-of-the-eagle-and-the-condor-private\/\" \/>\n<meta property=\"og:site_name\" content=\"The Council of the Eagle and the Condor\" \/>\n<meta property=\"article:modified_time\" content=\"2023-01-16T23:15:04+00:00\" \/>\n<meta property=\"og:image\" content=\"https:\/\/eagleandthecondor.com\/wp-content\/uploads\/2022\/04\/EAC_Eagle_side-286x300.png\" \/>\n<meta name=\"twitter:card\" content=\"summary_large_image\" \/>\n<meta name=\"twitter:label1\" content=\"Tiempo de lectura\" \/>\n\t<meta name=\"twitter:data1\" content=\"7 minutos\" \/>\n<script type=\"application\/ld+json\" class=\"yoast-schema-graph\">{\"@context\":\"https:\/\/schema.org\",\"@graph\":[{\"@type\":\"WebPage\",\"@id\":\"https:\/\/eagleandthecondor.com\/creation-of-the-council-of-the-eagle-and-the-condor-private\/\",\"url\":\"https:\/\/eagleandthecondor.com\/creation-of-the-council-of-the-eagle-and-the-condor-private\/\",\"name\":\"Creation of the Council of the Eagle and the Condor (PRIVATE) - The Council of the Eagle and the Condor\",\"isPartOf\":{\"@id\":\"https:\/\/eagleandthecondor.com\/#website\"},\"datePublished\":\"2022-04-25T21:58:26+00:00\",\"dateModified\":\"2023-01-16T23:15:04+00:00\",\"breadcrumb\":{\"@id\":\"https:\/\/eagleandthecondor.com\/creation-of-the-council-of-the-eagle-and-the-condor-private\/#breadcrumb\"},\"inLanguage\":\"es-MX\",\"potentialAction\":[{\"@type\":\"ReadAction\",\"target\":[\"https:\/\/eagleandthecondor.com\/creation-of-the-council-of-the-eagle-and-the-condor-private\/\"]}]},{\"@type\":\"BreadcrumbList\",\"@id\":\"https:\/\/eagleandthecondor.com\/creation-of-the-council-of-the-eagle-and-the-condor-private\/#breadcrumb\",\"itemListElement\":[{\"@type\":\"ListItem\",\"position\":1,\"name\":\"Home\",\"item\":\"https:\/\/eagleandthecondor.com\/\"},{\"@type\":\"ListItem\",\"position\":2,\"name\":\"Creation of the Council of the Eagle and the Condor (PRIVATE)\"}]},{\"@type\":\"WebSite\",\"@id\":\"https:\/\/eagleandthecondor.com\/#website\",\"url\":\"https:\/\/eagleandthecondor.com\/\",\"name\":\"The Council of the Eagle and the Condor\",\"description\":\"The Unification Process\",\"potentialAction\":[{\"@type\":\"SearchAction\",\"target\":{\"@type\":\"EntryPoint\",\"urlTemplate\":\"https:\/\/eagleandthecondor.com\/?s={search_term_string}\"},\"query-input\":\"required name=search_term_string\"}],\"inLanguage\":\"es-MX\"}]}<\/script>\n<!-- \/ Yoast SEO plugin. -->","yoast_head_json":{"title":"Creation of the Council of the Eagle and the Condor (PRIVATE) - The Council of the Eagle and the Condor","robots":{"index":"index","follow":"follow","max-snippet":"max-snippet:-1","max-image-preview":"max-image-preview:large","max-video-preview":"max-video-preview:-1"},"canonical":"https:\/\/eagleandthecondor.com\/es\/creation-of-the-council-of-the-eagle-and-the-condor-private\/","og_locale":"es_MX","og_type":"article","og_title":"Creation of the Council of the Eagle and the Condor (PRIVATE) - The Council of the Eagle and the Condor","og_description":"[et_pb_section fb_built=&#8221;1&#8243; _builder_version=&#8221;4.7.7&#8243; _module_preset=&#8221;default&#8221;][et_pb_row _builder_version=&#8221;4.7.7&#8243; _module_preset=&#8221;default&#8221;][et_pb_column type=&#8221;4_4&#8243; _builder_version=&#8221;4.7.7&#8243; _module_preset=&#8221;default&#8221;][et_pb_text _builder_version=&#8221;4.7.7&#8243; _module_preset=&#8221;default&#8221;] Report on the Creation of the Council of the Eagle and the Condor Responsible: Mindahi Bastida &nbsp; [\/et_pb_text][\/et_pb_column][\/et_pb_row][et_pb_row _builder_version=&#8221;4.7.7&#8243; _module_preset=&#8221;default&#8221;][et_pb_column type=&#8221;4_4&#8243; _builder_version=&#8221;4.7.7&#8243; _module_preset=&#8221;default&#8221;][et_pb_text admin_label=&#8221;Text&#8221; _builder_version=&#8221;4.7.7&#8243; _module_preset=&#8221;default&#8221; min_height=&#8221;1699.4px&#8221;] Elder brothers and sisters, spiritual authorities from original nations of Abya Yala, the American continent, gathered in [&hellip;]","og_url":"https:\/\/eagleandthecondor.com\/es\/creation-of-the-council-of-the-eagle-and-the-condor-private\/","og_site_name":"The Council of the Eagle and the Condor","article_modified_time":"2023-01-16T23:15:04+00:00","og_image":[{"url":"https:\/\/eagleandthecondor.com\/wp-content\/uploads\/2022\/04\/EAC_Eagle_side-286x300.png"}],"twitter_card":"summary_large_image","twitter_misc":{"Tiempo de lectura":"7 minutos"},"schema":{"@context":"https:\/\/schema.org","@graph":[{"@type":"WebPage","@id":"https:\/\/eagleandthecondor.com\/creation-of-the-council-of-the-eagle-and-the-condor-private\/","url":"https:\/\/eagleandthecondor.com\/creation-of-the-council-of-the-eagle-and-the-condor-private\/","name":"Creation of the Council of the Eagle and the Condor (PRIVATE) - The Council of the Eagle and the Condor","isPartOf":{"@id":"https:\/\/eagleandthecondor.com\/#website"},"datePublished":"2022-04-25T21:58:26+00:00","dateModified":"2023-01-16T23:15:04+00:00","breadcrumb":{"@id":"https:\/\/eagleandthecondor.com\/creation-of-the-council-of-the-eagle-and-the-condor-private\/#breadcrumb"},"inLanguage":"es-MX","potentialAction":[{"@type":"ReadAction","target":["https:\/\/eagleandthecondor.com\/creation-of-the-council-of-the-eagle-and-the-condor-private\/"]}]},{"@type":"BreadcrumbList","@id":"https:\/\/eagleandthecondor.com\/creation-of-the-council-of-the-eagle-and-the-condor-private\/#breadcrumb","itemListElement":[{"@type":"ListItem","position":1,"name":"Home","item":"https:\/\/eagleandthecondor.com\/"},{"@type":"ListItem","position":2,"name":"Creation of the Council of the Eagle and the Condor (PRIVATE)"}]},{"@type":"WebSite","@id":"https:\/\/eagleandthecondor.com\/#website","url":"https:\/\/eagleandthecondor.com\/","name":"The Council of the Eagle and the Condor","description":"The Unification Process","potentialAction":[{"@type":"SearchAction","target":{"@type":"EntryPoint","urlTemplate":"https:\/\/eagleandthecondor.com\/?s={search_term_string}"},"query-input":"required name=search_term_string"}],"inLanguage":"es-MX"}]}},"rttpg_featured_image_url":null,"rttpg_author":{"display_name":"admin_sofc2022!","author_link":"https:\/\/eagleandthecondor.com\/es\/author\/admin_sofc2022!\/"},"rttpg_comment":0,"rttpg_category":false,"rttpg_excerpt":"[et_pb_section fb_built=&#8221;1&#8243; _builder_version=&#8221;4.7.7&#8243; _module_preset=&#8221;default&#8221;][et_pb_row _builder_version=&#8221;4.7.7&#8243; _module_preset=&#8221;default&#8221;][et_pb_column type=&#8221;4_4&#8243; _builder_version=&#8221;4.7.7&#8243; _module_preset=&#8221;default&#8221;][et_pb_text _builder_version=&#8221;4.7.7&#8243; _module_preset=&#8221;default&#8221;] Report on the Creation of the Council of the Eagle and the Condor Responsible: Mindahi Bastida &nbsp; [\/et_pb_text][\/et_pb_column][\/et_pb_row][et_pb_row _builder_version=&#8221;4.7.7&#8243; _module_preset=&#8221;default&#8221;][et_pb_column type=&#8221;4_4&#8243; _builder_version=&#8221;4.7.7&#8243; _module_preset=&#8221;default&#8221;][et_pb_text admin_label=&#8221;Text&#8221; _builder_version=&#8221;4.7.7&#8243; _module_preset=&#8221;default&#8221; min_height=&#8221;1699.4px&#8221;] Elder brothers and sisters, spiritual authorities from original nations of Abya Yala, the American continent, gathered in&hellip;","_links":{"self":[{"href":"https:\/\/eagleandthecondor.com\/es\/wp-json\/wp\/v2\/pages\/552"}],"collection":[{"href":"https:\/\/eagleandthecondor.com\/es\/wp-json\/wp\/v2\/pages"}],"about":[{"href":"https:\/\/eagleandthecondor.com\/es\/wp-json\/wp\/v2\/types\/page"}],"author":[{"embeddable":true,"href":"https:\/\/eagleandthecondor.com\/es\/wp-json\/wp\/v2\/users\/1"}],"replies":[{"embeddable":true,"href":"https:\/\/eagleandthecondor.com\/es\/wp-json\/wp\/v2\/comments?post=552"}],"version-history":[{"count":10,"href":"https:\/\/eagleandthecondor.com\/es\/wp-json\/wp\/v2\/pages\/552\/revisions"}],"predecessor-version":[{"id":898,"href":"https:\/\/eagleandthecondor.com\/es\/wp-json\/wp\/v2\/pages\/552\/revisions\/898"}],"wp:attachment":[{"href":"https:\/\/eagleandthecondor.com\/es\/wp-json\/wp\/v2\/media?parent=552"}],"wp:term":[{"taxonomy":"wf_page_folders","embeddable":true,"href":"https:\/\/eagleandthecondor.com\/es\/wp-json\/wp\/v2\/wf_page_folders?post=552"}],"curies":[{"name":"wp","href":"https:\/\/api.w.org\/{rel}","templated":true}]}}