{"id":685,"date":"2022-12-01T20:48:49","date_gmt":"2022-12-01T20:48:49","guid":{"rendered":"https:\/\/eagleandthecondor.com\/?page_id=685"},"modified":"2023-04-07T18:32:26","modified_gmt":"2023-04-07T18:32:26","slug":"north-america","status":"publish","type":"page","link":"https:\/\/eagleandthecondor.com\/es\/north-america\/","title":{"rendered":"Norte Am\u00e9rica"},"content":{"rendered":"<div data-elementor-type=\"wp-page\" data-elementor-id=\"685\" class=\"elementor elementor-685\">\n\t\t\t\t\t\t\t\t\t<section class=\"elementor-section elementor-top-section elementor-element elementor-element-2e3ff92 elementor-section-boxed elementor-section-height-default elementor-section-height-default\" data-id=\"2e3ff92\" data-element_type=\"section\">\n\t\t\t\t\t\t<div class=\"elementor-container elementor-column-gap-default\">\n\t\t\t\t\t<div class=\"elementor-column elementor-col-100 elementor-top-column elementor-element elementor-element-85970f4\" data-id=\"85970f4\" data-element_type=\"column\">\n\t\t\t<div class=\"elementor-widget-wrap elementor-element-populated\">\n\t\t\t\t\t\t\t\t<div class=\"elementor-element elementor-element-670928e elementor-widget elementor-widget-text-editor\" data-id=\"670928e\" data-element_type=\"widget\" data-widget_type=\"text-editor.default\">\n\t\t\t\t<div class=\"elementor-widget-container\">\n\t\t\t<style>\/*! elementor - v3.16.0 - 09-10-2023 *\/\n.elementor-widget-text-editor.elementor-drop-cap-view-stacked .elementor-drop-cap{background-color:#69727d;color:#fff}.elementor-widget-text-editor.elementor-drop-cap-view-framed .elementor-drop-cap{color:#69727d;border:3px solid;background-color:transparent}.elementor-widget-text-editor:not(.elementor-drop-cap-view-default) .elementor-drop-cap{margin-top:8px}.elementor-widget-text-editor:not(.elementor-drop-cap-view-default) .elementor-drop-cap-letter{width:1em;height:1em}.elementor-widget-text-editor .elementor-drop-cap{float:left;text-align:center;line-height:1;font-size:50px}.elementor-widget-text-editor .elementor-drop-cap-letter{display:inline-block}<\/style>\t\t\t\t<span id=\"docs-internal-guid-45676c1f-7fff-aee7-5ba9-47dcbaa7ae1d\" style=\"font-size: 12pt; font-family: Arial; color: #333333; background-color: #ffffff; font-weight: 400; font-style: normal; font-variant: normal; text-decoration: none; vertical-align: baseline; white-space: pre-wrap;\">Norteam\u00e9rica es un continente en el Hemisferio Norte que comprende 23 pa\u00edses, siendo los m\u00e1s grandes Canad\u00e1, Estados Unidos y M\u00e9xico.<\/span>\n\n<span id=\"docs-internal-guid-45676c1f-7fff-aee7-5ba9-47dcbaa7ae1d\" style=\"font-size: 12pt; font-family: Arial; color: #333333; background-color: #ffffff; font-weight: 400; font-style: normal; font-variant: normal; text-decoration: none; vertical-align: baseline; white-space: pre-wrap;\">Antes de que los colonos europeos llegar\u00e1n a Norteam\u00e9rica, la gente ind\u00edgena y nativa americana viv\u00eda en el continente.<\/span>\n\n<span id=\"docs-internal-guid-45676c1f-7fff-aee7-5ba9-47dcbaa7ae1d\" style=\"font-size: 12pt; font-family: Arial; color: #333333; background-color: #ffffff; font-weight: 400; font-style: normal; font-variant: normal; text-decoration: none; vertical-align: baseline; white-space: pre-wrap;\">En Canad\u00e1, entre la gente ind\u00edgena se encuentran los pueblos de las Primeras Naciones, los inuit y los M\u00e9tis.<\/span>\n\n<span id=\"docs-internal-guid-45676c1f-7fff-aee7-5ba9-47dcbaa7ae1d\" style=\"font-size: 12pt; font-family: Arial; color: #333333; background-color: #ffffff; font-weight: 400; font-style: normal; font-variant: normal; text-decoration: none; vertical-align: baseline; white-space: pre-wrap;\">Las Primeras Naciones fueron los habitantes originales de la tierra que hoy es Canad\u00e1, ocupando a menudo territorios al sur del \u00c1rtico.\n<\/span><span id=\"docs-internal-guid-45676c1f-7fff-aee7-5ba9-47dcbaa7ae1d\" style=\"font-size: 12pt; font-family: Arial; color: #333333; background-color: #ffffff; font-weight: 400; font-style: normal; font-variant: normal; text-decoration: none; vertical-align: baseline; white-space: pre-wrap;\">Los inuit - inuktitut - que significa \"la gente\" son pueblos ind\u00edgenas, muchos de los cuales habitan en las regiones del norte de Canad\u00e1. Una persona inuit es conocida como un <em>inuk<\/em>. La tierra de los inuit se conoce como\u00a0<em>Inuit Nunangat<\/em>, que se refiere a la tierra, el agua y el hielo contenidos en la regi\u00f3n del \u00c1rtico. Los m\u00e9tis son una combinaci\u00f3n de ascendencia europea e ind\u00edgena y viven principalmente en las provincias de las praderas y en Ontario, pero tambi\u00e9n pueden residir en otras partes del pa\u00eds.<\/span>\n\n<span id=\"docs-internal-guid-45676c1f-7fff-aee7-5ba9-47dcbaa7ae1d\" style=\"font-size: 12pt; font-family: Arial; color: #333333; background-color: #ffffff; font-weight: 400; font-style: normal; font-variant: normal; text-decoration: none; vertical-align: baseline; white-space: pre-wrap;\">En M\u00e9xico, las mayores minor\u00edas ind\u00edgenas pertenecen a los pueblos mayas modernos, como los yucatecos o los campechanos. Los pueblos mayas o mixtos mayas tambi\u00e9n se encuentran entre los grupos \u00e9tnicos m\u00e1s grandes de otros pa\u00edses. Muchos de los descendientes de los pueblos mayas tambi\u00e9n viven en Guatemala, Belice, El Salvador y Honduras.<\/span>\t\t\t\t\t\t<\/div>\n\t\t\t\t<\/div>\n\t\t\t\t\t<\/div>\n\t\t<\/div>\n\t\t\t\t\t\t\t<\/div>\n\t\t<\/section>\n\t\t\t\t<section class=\"elementor-section elementor-top-section elementor-element elementor-element-bae100a elementor-section-boxed elementor-section-height-default elementor-section-height-default\" data-id=\"bae100a\" data-element_type=\"section\">\n\t\t\t\t\t\t<div class=\"elementor-container elementor-column-gap-default\">\n\t\t\t\t\t<div class=\"elementor-column elementor-col-100 elementor-top-column elementor-element elementor-element-18adb91\" data-id=\"18adb91\" data-element_type=\"column\">\n\t\t\t<div class=\"elementor-widget-wrap elementor-element-populated\">\n\t\t\t\t\t\t\t\t<div class=\"elementor-element elementor-element-bb358be title-alignment-center title_position_default title_hover_border_default title-default img_hover_animation_default readmore-btn-default-style grid-hover-overlay-type-always grid-hover-overlay-height-default hover-overlay-height-default tpg-border-bottom-disable elementor-widget elementor-widget-tpg-grid-hover-layout\" data-id=\"bb358be\" data-element_type=\"widget\" data-widget_type=\"tpg-grid-hover-layout.default\">\n\t\t\t\t<div class=\"elementor-widget-container\">\n\t\t\t\r\n        <div class=\"rt-container-fluid rt-tpg-container tpg-el-main-wrapper grid_hover-layout1-main\"\r\n             id=\"rt-tpg-container-1378696115\"\r\n             data-layout=\"grid_hover-layout1\"\r\n             data-sc-id=\"elementor\"\r\n             data-el-settings=''\r\n             data-el-query=''\r\n             data-el-path=''\r\n        >\r\n\t\t\t<div class='tpg-header-wrapper'><\/div>\r\n            <div data-title=\"Loading ...\"\r\n                 class=\"rt-row rt-content-loader grid_hover-layout1 tpg-even grid-behaviour grid_hover_layout_wrapper\">\r\n\t\t\t\t\r\n<div class=\"rt-col-md-6 rt-col-sm-6 rt-col-xs-12 default rt-grid-hover-item rt-grid-item\" data-id=\"906\">\r\n\t<div class=\"rt-holder tpg-post-holder\">\r\n\t\t<div class=\"rt-detail rt-el-content-wrapper\">\r\n\t\t\t\t\t\t\t<div class=\"rt-img-holder tpg-el-image-wrap has-thumbnail\">\r\n\t\t\t\t\t<a data-id=\"906\" href=\"https:\/\/eagleandthecondor.com\/es\/elementor-906\/\" class=\"tpg-post-link\" target=\"_self\">                        <img loading=\"lazy\" src=\"https:\/\/eagleandthecondor.com\/wp-content\/uploads\/2022\/12\/WhatsApp-Image-2022-12-29-at-4.33.03-AM-768x512.jpeg\"\r\n                             class=\"rt-img-responsive\"\r\n                             width=\"768\"\r\n                             height=\"512\"\r\n                             alt=\"COP 27 Experience in Dahab, Egypt\">\r\n\t\t\t\t\t\t\r\n\t\t\t\t\t\t\t\r\n\t\t<\/a>\r\n\t\t        <div class=\"overlay grid-hover-content\"><\/div>\r\n\t\t\t\t\t\t<\/div>\r\n\t\t\t\r\n\t\t\t<div class=\"grid-hover-content\">\r\n\t\t\t\t<div class=\"entry-title-wrapper\"><h3 class=\"entry-title\"><a data-id=\"906\" href=\"https:\/\/eagleandthecondor.com\/es\/elementor-906\/\" class=\"tpg-post-link\" target=\"_self\">Experiencia COP 27 en Dahab, Egipto<\/a><\/h3><\/div>\r\n\t\t\t\t\r\n\t\t\t\t\t\t\t\t\t<div class=\"tpg-excerpt tpg-el-excerpt\">\r\n\t\t\t\t\t\t\t\t\t\t\t\t\t<div class=\"tpg-excerpt-inner\">\r\n\t\t\t\t\t\t\t\tMi\u00e9rcoles 09 de marzo de 2023Dahab, EgiptoLa COP Cultural fue una experiencia incre\u00edble que enriqueci\u00f3...\t\t\t\t\t\t\t<\/div>\r\n\t\t\t\t\t\t\t\t\t\t\t\t\t\t\t\t\t<\/div>\r\n\t\t\t\t\r\n\t\t\t\t        <div class=\"post-footer\">\r\n            <div class=\"post-footer\">\r\n                <div class=\"read-more\">\r\n\t\t\t\t\t<a data-id=\"906\" href=\"https:\/\/eagleandthecondor.com\/es\/elementor-906\/\" class=\"tpg-post-link\" target=\"_self\">Leer m\u00e1s<\/a>                <\/div>\r\n            <\/div>\r\n        <\/div>\r\n\t\t\t\t\t<\/div>\r\n\t\t<\/div>\r\n\t<\/div>\r\n<\/div>\r\n            <\/div>\r\n\r\n\t\t\t        <\/div>\r\n\t\t\t\t<\/div>\n\t\t\t\t<\/div>\n\t\t\t\t<div class=\"elementor-element elementor-element-0f955a4 elementor-widget elementor-widget-spacer\" data-id=\"0f955a4\" data-element_type=\"widget\" data-widget_type=\"spacer.default\">\n\t\t\t\t<div class=\"elementor-widget-container\">\n\t\t\t<style>\/*! elementor - v3.16.0 - 09-10-2023 *\/\n.elementor-column .elementor-spacer-inner{height:var(--spacer-size)}.e-con{--container-widget-width:100%}.e-con-inner>.elementor-widget-spacer,.e-con>.elementor-widget-spacer{width:var(--container-widget-width,var(--spacer-size));--align-self:var(--container-widget-align-self,initial);--flex-shrink:0}.e-con-inner>.elementor-widget-spacer>.elementor-widget-container,.e-con>.elementor-widget-spacer>.elementor-widget-container{height:100%;width:100%}.e-con-inner>.elementor-widget-spacer>.elementor-widget-container>.elementor-spacer,.e-con>.elementor-widget-spacer>.elementor-widget-container>.elementor-spacer{height:100%}.e-con-inner>.elementor-widget-spacer>.elementor-widget-container>.elementor-spacer>.elementor-spacer-inner,.e-con>.elementor-widget-spacer>.elementor-widget-container>.elementor-spacer>.elementor-spacer-inner{height:var(--container-widget-height,var(--spacer-size))}.e-con-inner>.elementor-widget-spacer.elementor-widget-empty,.e-con>.elementor-widget-spacer.elementor-widget-empty{position:relative;min-height:22px;min-width:22px}.e-con-inner>.elementor-widget-spacer.elementor-widget-empty .elementor-widget-empty-icon,.e-con>.elementor-widget-spacer.elementor-widget-empty .elementor-widget-empty-icon{position:absolute;top:0;bottom:0;left:0;right:0;margin:auto;padding:0;width:22px;height:22px}<\/style>\t\t<div class=\"elementor-spacer\">\n\t\t\t<div class=\"elementor-spacer-inner\"><\/div>\n\t\t<\/div>\n\t\t\t\t<\/div>\n\t\t\t\t<\/div>\n\t\t\t\t\t<\/div>\n\t\t<\/div>\n\t\t\t\t\t\t\t<\/div>\n\t\t<\/section>\n\t\t\t\t\t\t\t<\/div>","protected":false},"excerpt":{"rendered":"<p>Am\u00e9rica del Norte es un continente en el hemisferio norte que se compone de 23 pa\u00edses, siendo los m\u00e1s grandes Canad\u00e1, Am\u00e9rica y M\u00e9xico. Antes de que los colonos europeos llegaran a Am\u00e9rica del Norte, los pueblos ind\u00edgenas y nativos americanos viv\u00edan en el continente. En Canad\u00e1, entre los pueblos ind\u00edgenas se encuentran los pueblos de las Primeras Naciones, los inuit y los m\u00e9tis. Primero [\u2026]<\/p>","protected":false},"author":3,"featured_media":0,"parent":0,"menu_order":0,"comment_status":"closed","ping_status":"closed","template":"","meta":{"_et_pb_use_builder":"","_et_pb_old_content":"","_et_gb_content_width":""},"wf_page_folders":[],"yoast_head":"<!-- This site is optimized with the Yoast SEO plugin v20.4 - https:\/\/yoast.com\/wordpress\/plugins\/seo\/ -->\n<title>North America - The Council of the Eagle and the Condor<\/title>\n<meta name=\"robots\" content=\"index, follow, max-snippet:-1, max-image-preview:large, max-video-preview:-1\" \/>\n<link rel=\"canonical\" href=\"https:\/\/eagleandthecondor.com\/es\/north-america\/\" \/>\n<meta property=\"og:locale\" content=\"es_MX\" \/>\n<meta property=\"og:type\" content=\"article\" \/>\n<meta property=\"og:title\" content=\"North America - The Council of the Eagle and the Condor\" \/>\n<meta property=\"og:description\" content=\"North America is a continent in the Northern Hemisphere which comprises of 23 countries, the largest being Canada, America, and Mexico. Before the European settlers arrived in North America, the Indigenous and Native American people lived on the continent. In Canada, among the indigenous people are First Nations people, the Inuit and the M\u00e9tis. First [&hellip;]\" \/>\n<meta property=\"og:url\" content=\"https:\/\/eagleandthecondor.com\/es\/north-america\/\" \/>\n<meta property=\"og:site_name\" content=\"The Council of the Eagle and the Condor\" \/>\n<meta property=\"article:modified_time\" content=\"2023-04-07T18:32:26+00:00\" \/>\n<meta property=\"og:image\" content=\"https:\/\/eagleandthecondor.com\/wp-content\/uploads\/2022\/12\/WhatsApp-Image-2022-12-29-at-4.33.03-AM-768x512.jpeg\" \/>\n<meta name=\"twitter:card\" content=\"summary_large_image\" \/>\n<meta name=\"twitter:label1\" content=\"Tiempo de lectura\" \/>\n\t<meta name=\"twitter:data1\" content=\"2 minutos\" \/>\n<script type=\"application\/ld+json\" class=\"yoast-schema-graph\">{\"@context\":\"https:\/\/schema.org\",\"@graph\":[{\"@type\":\"WebPage\",\"@id\":\"https:\/\/eagleandthecondor.com\/north-america\/\",\"url\":\"https:\/\/eagleandthecondor.com\/north-america\/\",\"name\":\"North America - The Council of the Eagle and the Condor\",\"isPartOf\":{\"@id\":\"https:\/\/eagleandthecondor.com\/#website\"},\"datePublished\":\"2022-12-01T20:48:49+00:00\",\"dateModified\":\"2023-04-07T18:32:26+00:00\",\"breadcrumb\":{\"@id\":\"https:\/\/eagleandthecondor.com\/north-america\/#breadcrumb\"},\"inLanguage\":\"es-MX\",\"potentialAction\":[{\"@type\":\"ReadAction\",\"target\":[\"https:\/\/eagleandthecondor.com\/north-america\/\"]}]},{\"@type\":\"BreadcrumbList\",\"@id\":\"https:\/\/eagleandthecondor.com\/north-america\/#breadcrumb\",\"itemListElement\":[{\"@type\":\"ListItem\",\"position\":1,\"name\":\"Home\",\"item\":\"https:\/\/eagleandthecondor.com\/\"},{\"@type\":\"ListItem\",\"position\":2,\"name\":\"North America\"}]},{\"@type\":\"WebSite\",\"@id\":\"https:\/\/eagleandthecondor.com\/#website\",\"url\":\"https:\/\/eagleandthecondor.com\/\",\"name\":\"The Council of the Eagle and the Condor\",\"description\":\"The Unification Process\",\"potentialAction\":[{\"@type\":\"SearchAction\",\"target\":{\"@type\":\"EntryPoint\",\"urlTemplate\":\"https:\/\/eagleandthecondor.com\/?s={search_term_string}\"},\"query-input\":\"required name=search_term_string\"}],\"inLanguage\":\"es-MX\"}]}<\/script>\n<!-- \/ Yoast SEO plugin. -->","yoast_head_json":{"title":"North America - The Council of the Eagle and the Condor","robots":{"index":"index","follow":"follow","max-snippet":"max-snippet:-1","max-image-preview":"max-image-preview:large","max-video-preview":"max-video-preview:-1"},"canonical":"https:\/\/eagleandthecondor.com\/es\/north-america\/","og_locale":"es_MX","og_type":"article","og_title":"North America - The Council of the Eagle and the Condor","og_description":"North America is a continent in the Northern Hemisphere which comprises of 23 countries, the largest being Canada, America, and Mexico. Before the European settlers arrived in North America, the Indigenous and Native American people lived on the continent. In Canada, among the indigenous people are First Nations people, the Inuit and the M\u00e9tis. First [&hellip;]","og_url":"https:\/\/eagleandthecondor.com\/es\/north-america\/","og_site_name":"The Council of the Eagle and the Condor","article_modified_time":"2023-04-07T18:32:26+00:00","og_image":[{"url":"https:\/\/eagleandthecondor.com\/wp-content\/uploads\/2022\/12\/WhatsApp-Image-2022-12-29-at-4.33.03-AM-768x512.jpeg"}],"twitter_card":"summary_large_image","twitter_misc":{"Tiempo de lectura":"2 minutos"},"schema":{"@context":"https:\/\/schema.org","@graph":[{"@type":"WebPage","@id":"https:\/\/eagleandthecondor.com\/north-america\/","url":"https:\/\/eagleandthecondor.com\/north-america\/","name":"North America - The Council of the Eagle and the Condor","isPartOf":{"@id":"https:\/\/eagleandthecondor.com\/#website"},"datePublished":"2022-12-01T20:48:49+00:00","dateModified":"2023-04-07T18:32:26+00:00","breadcrumb":{"@id":"https:\/\/eagleandthecondor.com\/north-america\/#breadcrumb"},"inLanguage":"es-MX","potentialAction":[{"@type":"ReadAction","target":["https:\/\/eagleandthecondor.com\/north-america\/"]}]},{"@type":"BreadcrumbList","@id":"https:\/\/eagleandthecondor.com\/north-america\/#breadcrumb","itemListElement":[{"@type":"ListItem","position":1,"name":"Home","item":"https:\/\/eagleandthecondor.com\/"},{"@type":"ListItem","position":2,"name":"North America"}]},{"@type":"WebSite","@id":"https:\/\/eagleandthecondor.com\/#website","url":"https:\/\/eagleandthecondor.com\/","name":"The Council of the Eagle and the Condor","description":"The Unification Process","potentialAction":[{"@type":"SearchAction","target":{"@type":"EntryPoint","urlTemplate":"https:\/\/eagleandthecondor.com\/?s={search_term_string}"},"query-input":"required name=search_term_string"}],"inLanguage":"es-MX"}]}},"rttpg_featured_image_url":null,"rttpg_author":{"display_name":"EAC Administrator","author_link":"https:\/\/eagleandthecondor.com\/es\/author\/admin_eac2022\/"},"rttpg_comment":0,"rttpg_category":"","rttpg_excerpt":"North America is a continent in the Northern Hemisphere which comprises of 23 countries, the largest being Canada, America, and Mexico. Before the European settlers arrived in North America, the Indigenous and Native American people lived on the continent. In Canada, among the indigenous people are First Nations people, the Inuit and the M\u00e9tis. First&hellip;","_links":{"self":[{"href":"https:\/\/eagleandthecondor.com\/es\/wp-json\/wp\/v2\/pages\/685"}],"collection":[{"href":"https:\/\/eagleandthecondor.com\/es\/wp-json\/wp\/v2\/pages"}],"about":[{"href":"https:\/\/eagleandthecondor.com\/es\/wp-json\/wp\/v2\/types\/page"}],"author":[{"embeddable":true,"href":"https:\/\/eagleandthecondor.com\/es\/wp-json\/wp\/v2\/users\/3"}],"replies":[{"embeddable":true,"href":"https:\/\/eagleandthecondor.com\/es\/wp-json\/wp\/v2\/comments?post=685"}],"version-history":[{"count":28,"href":"https:\/\/eagleandthecondor.com\/es\/wp-json\/wp\/v2\/pages\/685\/revisions"}],"predecessor-version":[{"id":1643,"href":"https:\/\/eagleandthecondor.com\/es\/wp-json\/wp\/v2\/pages\/685\/revisions\/1643"}],"wp:attachment":[{"href":"https:\/\/eagleandthecondor.com\/es\/wp-json\/wp\/v2\/media?parent=685"}],"wp:term":[{"taxonomy":"wf_page_folders","embeddable":true,"href":"https:\/\/eagleandthecondor.com\/es\/wp-json\/wp\/v2\/wf_page_folders?post=685"}],"curies":[{"name":"wp","href":"https:\/\/api.w.org\/{rel}","templated":true}]}}